{"id":2185,"date":"2020-09-15T11:03:12","date_gmt":"2020-09-15T09:03:12","guid":{"rendered":"https:\/\/www.urologickaambulance.cz.uvirt54.active24.cz\/kontakt\/"},"modified":"2022-12-31T14:48:04","modified_gmt":"2022-12-31T13:48:04","slug":"contact","status":"publish","type":"page","link":"https:\/\/www.urologickaambulance.cz\/en\/contact\/","title":{"rendered":"Contact"},"content":{"rendered":"<p>[et_pb_section fb_built=&#8221;1&#8243; disabled_on=&#8221;on|on|on&#8221; _builder_version=&#8221;4.16&#8243; _module_preset=&#8221;default&#8221; background_color=&#8221;#bf2020&#8243; custom_padding=&#8221;0px||0px||true|false&#8221; disabled=&#8221;on&#8221; global_colors_info=&#8221;{}&#8221;][et_pb_row _builder_version=&#8221;4.16&#8243; _module_preset=&#8221;default&#8221; global_colors_info=&#8221;{}&#8221;][et_pb_column type=&#8221;4_4&#8243; _builder_version=&#8221;4.16&#8243; _module_preset=&#8221;default&#8221; global_colors_info=&#8221;{}&#8221;][et_pb_text _builder_version=&#8221;4.17.4&#8243; _module_preset=&#8221;default&#8221; text_font=&#8221;|600|||||||&#8221; text_font_size=&#8221;18px&#8221; background_layout=&#8221;dark&#8221; global_colors_info=&#8221;{}&#8221;]<\/p>\n<p style=\"text-align: center;\">Vacation: 15 July &#8211; 14 August 2022 | during the vacation the surgery will be open only on 29 July from 7:30 to 14:00<\/p>\n<p>[\/et_pb_text][\/et_pb_column][\/et_pb_row][\/et_pb_section][et_pb_section fb_built=&#8221;1&#8243; _builder_version=&#8221;4.16&#8243; _module_preset=&#8221;default&#8221; custom_padding=&#8221;38px||0px||false|false&#8221; global_colors_info=&#8221;{}&#8221;][et_pb_row column_structure=&#8221;1_2,1_2&#8243; _builder_version=&#8221;4.16&#8243; _module_preset=&#8221;default&#8221; global_colors_info=&#8221;{}&#8221;][et_pb_column type=&#8221;1_2&#8243; _builder_version=&#8221;4.16&#8243; _module_preset=&#8221;default&#8221; global_colors_info=&#8221;{}&#8221;][et_pb_divider color=&#8221;#f9ce6e&#8221; divider_position=&#8221;center&#8221; divider_weight=&#8221;1px&#8221; _builder_version=&#8221;4.16&#8243; width=&#8221;120px&#8221; height=&#8221;7px&#8221; box_shadow_style=&#8221;preset7&#8243; box_shadow_horizontal=&#8221;40px&#8221; box_shadow_vertical=&#8221;0px&#8221; box_shadow_color=&#8221;#f9ce6e&#8221; locked=&#8221;off&#8221; global_colors_info=&#8221;{}&#8221;][\/et_pb_divider][et_pb_text _builder_version=&#8221;4.16&#8243; header_4_font=&#8221;PT Sans|700||on|||||&#8221; header_4_text_color=&#8221;#de942a&#8221; header_4_font_size=&#8221;11px&#8221; header_4_letter_spacing=&#8221;1px&#8221; custom_margin=&#8221;-38px||2px|130px|false|false&#8221; custom_padding=&#8221;||||false|false&#8221; locked=&#8221;off&#8221; global_colors_info=&#8221;{}&#8221;]<\/p>\n<h4>Clinic Brno<br \/>\n<\/h4>\n<p>[\/et_pb_text][et_pb_text _builder_version=&#8221;4.16&#8243; text_font=&#8221;PT Sans||||||||&#8221; text_font_size=&#8221;16px&#8221; text_line_height=&#8221;1.8em&#8221; header_font=&#8221;Playfair Display|700|||||||&#8221; header_font_size=&#8221;60px&#8221; header_line_height=&#8221;1.1em&#8221; header_2_font=&#8221;Playfair Display||||||||&#8221; header_2_line_height=&#8221;1.3em&#8221; custom_margin=&#8221;||-1px|||&#8221; header_font_size_tablet=&#8221;40px&#8221; header_font_size_phone=&#8221;30px&#8221; header_font_size_last_edited=&#8221;on|phone&#8221; global_colors_info=&#8221;{}&#8221;]<\/p>\n<h1>Contact<\/h1>\n<p>[\/et_pb_text][et_pb_text _builder_version=&#8221;4.16&#8243; text_font=&#8221;PT Sans||||||||&#8221; text_font_size=&#8221;16px&#8221; text_line_height=&#8221;1.8em&#8221; header_font=&#8221;Playfair Display|700|||||||&#8221; header_font_size=&#8221;60px&#8221; header_line_height=&#8221;1.1em&#8221; header_2_font=&#8221;Playfair Display||||||||&#8221; header_2_line_height=&#8221;1.3em&#8221; custom_margin=&#8221;0px||||false|false&#8221; header_font_size_tablet=&#8221;40px&#8221; header_font_size_phone=&#8221;30px&#8221; header_font_size_last_edited=&#8221;on|phone&#8221; global_colors_info=&#8221;{}&#8221;]<\/p>\n<h2>Urological clinic Brno<\/h2>\n<h2><strong>MUDr. Igor Mot\u00edl<\/strong><\/h2>\n<p>[\/et_pb_text][\/et_pb_column][et_pb_column type=&#8221;1_2&#8243; _builder_version=&#8221;4.16&#8243; _module_preset=&#8221;default&#8221; global_colors_info=&#8221;{}&#8221;][\/et_pb_column][\/et_pb_row][\/et_pb_section][et_pb_section fb_built=&#8221;1&#8243; specialty=&#8221;on&#8221; padding_top_bottom_link_1=&#8221;false&#8221; admin_label=&#8221;Header&#8221; _builder_version=&#8221;4.16&#8243; background_enable_color=&#8221;off&#8221; custom_padding=&#8221;0px||38px||false|false&#8221; bottom_divider_height=&#8221;16vw&#8221; locked=&#8221;off&#8221; global_colors_info=&#8221;{}&#8221;][et_pb_column type=&#8221;1_2&#8243; specialty_columns=&#8221;2&#8243; _builder_version=&#8221;4.16&#8243; custom_padding=&#8221;|||&#8221; global_colors_info=&#8221;{}&#8221; custom_padding__hover=&#8221;|||&#8221;][et_pb_row_inner column_structure=&#8221;1_2,1_2&#8243; _builder_version=&#8221;4.16&#8243; custom_padding=&#8221;||1px|||&#8221; global_colors_info=&#8221;{}&#8221;][et_pb_column_inner type=&#8221;1_2&#8243; saved_specialty_column_type=&#8221;1_2&#8243; _builder_version=&#8221;4.2.2&#8243; global_colors_info=&#8221;{}&#8221;][et_pb_blurb title=&#8221;Phone&#8221; use_icon=&#8221;on&#8221; font_icon=&#8221;&#xe090;||divi||400&#8243; icon_color=&#8221;#ffffff&#8221; image_icon_background_color=&#8221;#2a9184&#8243; icon_placement=&#8221;left&#8221; image_icon_width=&#8221;16px&#8221; _builder_version=&#8221;4.16&#8243; header_font=&#8221;PT Sans|700||on|||||&#8221; header_text_color=&#8221;#62748a&#8221; header_font_size=&#8221;12px&#8221; body_font=&#8221;PT Sans|700|||||||&#8221; body_text_color=&#8221;#2a3749&#8243; body_font_size=&#8221;18px&#8221; body_link_text_color=&#8221;#2a3749&#8243; image_icon_custom_padding=&#8221;8px|8px|8px|8px|false|false&#8221; border_radii_image=&#8221;on|100%|100%|100%|100%&#8221; use_circle=&#8221;on&#8221; circle_color=&#8221;#2a9184&#8243; locked=&#8221;off&#8221; global_colors_info=&#8221;{}&#8221; body_link_text_color__hover_enabled=&#8221;on|hover&#8221; body_link_text_color__hover=&#8221;#de942a&#8221; image_icon_background_color__sticky_enabled=&#8221;#7EBEC5&#8243; image_icon_background_color__sticky=&#8221;#7EBEC5&#8243;]<\/p>\n<p><a href=\"tel:+420734420900\">+420 734 420 900<\/a><\/p>\n<p>[\/et_pb_blurb][\/et_pb_column_inner][et_pb_column_inner type=&#8221;1_2&#8243; saved_specialty_column_type=&#8221;1_2&#8243; _builder_version=&#8221;4.2.2&#8243; global_colors_info=&#8221;{}&#8221;][et_pb_blurb title=&#8221;Phone&#8221; use_icon=&#8221;on&#8221; font_icon=&#8221;&#xe090;||divi||400&#8243; icon_color=&#8221;#ffffff&#8221; image_icon_background_color=&#8221;#2a9184&#8243; icon_placement=&#8221;left&#8221; image_icon_width=&#8221;16px&#8221; _builder_version=&#8221;4.16&#8243; header_font=&#8221;PT Sans|700||on|||||&#8221; header_text_color=&#8221;#62748a&#8221; header_font_size=&#8221;12px&#8221; body_font=&#8221;PT Sans|700|||||||&#8221; body_text_color=&#8221;#2a3749&#8243; body_font_size=&#8221;18px&#8221; body_link_text_color=&#8221;#2a3749&#8243; image_icon_custom_padding=&#8221;8px|8px|8px|8px|false|false&#8221; border_radii_image=&#8221;on|100%|100%|100%|100%&#8221; use_circle=&#8221;on&#8221; circle_color=&#8221;#2a9184&#8243; global_colors_info=&#8221;{}&#8221; body_link_text_color__hover=&#8221;#de942a&#8221; body_link_text_color__hover_enabled=&#8221;on|hover&#8221; image_icon_background_color__sticky_enabled=&#8221;#7EBEC5&#8243; image_icon_background_color__sticky=&#8221;#7EBEC5&#8243;]<\/p>\n<p><a href=\"tel:+420608876564\">+420 608 876 564<\/a><\/p>\n<p>[\/et_pb_blurb][\/et_pb_column_inner][\/et_pb_row_inner][et_pb_row_inner _builder_version=&#8221;4.16&#8243; _module_preset=&#8221;default&#8221; global_colors_info=&#8221;{}&#8221;][et_pb_column_inner saved_specialty_column_type=&#8221;1_2&#8243; _builder_version=&#8221;4.6.5&#8243; _module_preset=&#8221;default&#8221; global_colors_info=&#8221;{}&#8221;][et_pb_blurb title=&#8221;E-mail&#8221; use_icon=&#8221;on&#8221; font_icon=&#8221;&#xe076;||divi||400&#8243; icon_color=&#8221;#ffffff&#8221; image_icon_background_color=&#8221;#2a9184&#8243; icon_placement=&#8221;left&#8221; image_icon_width=&#8221;16px&#8221; _builder_version=&#8221;4.16&#8243; header_font=&#8221;PT Sans|700||on|||||&#8221; header_text_color=&#8221;#62748a&#8221; header_font_size=&#8221;12px&#8221; body_font=&#8221;PT Sans|700|||||||&#8221; body_text_color=&#8221;#2a3749&#8243; body_font_size=&#8221;18px&#8221; body_link_text_color=&#8221;#2a3749&#8243; image_icon_custom_padding=&#8221;8px|8px|8px|8px|false|false&#8221; border_radii_image=&#8221;on|100%|100%|100%|100%&#8221; use_circle=&#8221;on&#8221; circle_color=&#8221;#2a9184&#8243; locked=&#8221;off&#8221; global_colors_info=&#8221;{}&#8221; body_link_text_color__hover=&#8221;#de942a&#8221; body_link_text_color__hover_enabled=&#8221;on|hover&#8221; image_icon_background_color__sticky_enabled=&#8221;#7EBEC5&#8243; image_icon_background_color__sticky=&#8221;#7EBEC5&#8243;]<\/p>\n<p><a href=\"mailto:info@urologickaambulance.cz\">info@urologickaambulance.cz<\/a><\/p>\n<p>[\/et_pb_blurb][et_pb_blurb title=&#8221;Address&#8221; use_icon=&#8221;on&#8221; font_icon=&#8221;&#xe074;||divi||400&#8243; icon_color=&#8221;#ffffff&#8221; image_icon_background_color=&#8221;#2a9184&#8243; icon_placement=&#8221;left&#8221; image_icon_width=&#8221;16px&#8221; _builder_version=&#8221;4.16&#8243; header_font=&#8221;PT Sans|700||on|||||&#8221; header_text_color=&#8221;#62748a&#8221; header_font_size=&#8221;12px&#8221; body_font=&#8221;PT Sans|700|||||||&#8221; body_text_color=&#8221;#2a3749&#8243; body_font_size=&#8221;18px&#8221; body_link_text_color=&#8221;#2a3749&#8243; image_icon_custom_padding=&#8221;8px|8px|8px|8px|false|false&#8221; border_radii_image=&#8221;on|100%|100%|100%|100%&#8221; use_circle=&#8221;on&#8221; circle_color=&#8221;#2a9184&#8243; global_colors_info=&#8221;{}&#8221; body_link_text_color__hover=&#8221;#de942a&#8221; body_link_text_color__hover_enabled=&#8221;on|hover&#8221; image_icon_background_color__sticky_enabled=&#8221;#7EBEC5&#8243; image_icon_background_color__sticky=&#8221;#7EBEC5&#8243;]<\/p>\n<p>Campus klinika, Kamenice 32, 625 00 Brno-Bohunice<\/p>\n<p>[\/et_pb_blurb][et_pb_blurb title=&#8221;The operator of a medical facility&#8221; use_icon=&#8221;on&#8221; font_icon=&#8221;&#xe0e0;||divi||400&#8243; icon_color=&#8221;#ffffff&#8221; image_icon_background_color=&#8221;#2a9184&#8243; icon_placement=&#8221;left&#8221; image_icon_width=&#8221;16px&#8221; _builder_version=&#8221;4.16&#8243; header_font=&#8221;PT Sans|700||on|||||&#8221; header_text_color=&#8221;#62748a&#8221; header_font_size=&#8221;12px&#8221; body_font=&#8221;PT Sans|700|||||||&#8221; body_text_color=&#8221;#2a3749&#8243; body_font_size=&#8221;18px&#8221; body_link_text_color=&#8221;#2a3749&#8243; image_icon_custom_padding=&#8221;8px|8px|8px|8px|false|false&#8221; custom_margin=&#8221;||2px|||&#8221; border_radii_image=&#8221;on|100%|100%|100%|100%&#8221; use_circle=&#8221;on&#8221; circle_color=&#8221;#2a9184&#8243; locked=&#8221;off&#8221; global_colors_info=&#8221;{}&#8221; body_link_text_color__hover=&#8221;#de942a&#8221; body_link_text_color__hover_enabled=&#8221;on|hover&#8221; image_icon_background_color__sticky_enabled=&#8221;#7EBEC5&#8243; image_icon_background_color__sticky=&#8221;#7EBEC5&#8243;]<\/p>\n<p><span>\u00a0AJEM s.r.o., I\u010cO: 27759709<\/span><\/p>\n<p>[\/et_pb_blurb][et_pb_text _builder_version=&#8221;4.16&#8243; _module_preset=&#8221;default&#8221; global_colors_info=&#8221;{}&#8221;]<em>File number: C 57089 kept at the Regional Court in Brno<\/em>[\/et_pb_text][\/et_pb_column_inner][\/et_pb_row_inner][\/et_pb_column][et_pb_column type=&#8221;1_2&#8243; _builder_version=&#8221;4.16&#8243; custom_padding=&#8221;|||&#8221; global_colors_info=&#8221;{}&#8221; custom_padding__hover=&#8221;|||&#8221;][et_pb_text _builder_version=&#8221;4.19.4&#8243; _module_preset=&#8221;default&#8221; hover_enabled=&#8221;0&#8243; global_colors_info=&#8221;{}&#8221; sticky_enabled=&#8221;0&#8243;]<\/p>\n<table>\n<tbody>\n<tr>\n<th><\/th>\n<th>Working hours<\/th>\n<\/tr>\n<tr>\n<td><strong>Monday<\/strong><\/td>\n<td>7.30\u201314.00<\/td>\n<\/tr>\n<tr>\n<td><strong>Tuesday<\/strong><\/td>\n<td>7.30\u201314.00<\/td>\n<\/tr>\n<tr>\n<td><strong>Wednesday<\/strong><\/td>\n<td>7.30\u201318.00<\/td>\n<\/tr>\n<tr>\n<td><strong>Thursday<\/strong><\/td>\n<td>7.30\u201314.00<\/td>\n<\/tr>\n<tr>\n<td><strong>Friday<\/strong><\/td>\n<td><em>clinical day in the hospital<\/em><\/td>\n<\/tr>\n<\/tbody>\n<\/table>\n<ul class=\"ul1\">\n<li class=\"li1\">No <strong>referral<\/strong> to a PL or specialist is required<\/li>\n<li class=\"li1\">In case of<strong> acute problems<\/strong> and our absence, we will provide you with treatment 24\/7 at the Urology Clinic of the University Hospital Brno &#8211; Bohunice or at the Urology Clinic in Nov\u00e9 M\u011bsto na Morav\u011b.<\/li>\n<\/ul>\n<p>[\/et_pb_text][\/et_pb_column][\/et_pb_section][et_pb_section fb_built=&#8221;1&#8243; _builder_version=&#8221;4.16&#8243; _module_preset=&#8221;default&#8221; custom_margin=&#8221;||||false|false&#8221; custom_padding=&#8221;0px||0px||true|false&#8221; global_colors_info=&#8221;{}&#8221;][et_pb_row _builder_version=&#8221;4.16&#8243; _module_preset=&#8221;default&#8221; width=&#8221;100%&#8221; max_width=&#8221;1920px&#8221; custom_padding=&#8221;0px||0px||true|false&#8221; global_colors_info=&#8221;{}&#8221;][et_pb_column type=&#8221;4_4&#8243; _builder_version=&#8221;4.16&#8243; _module_preset=&#8221;default&#8221; global_colors_info=&#8221;{}&#8221;][et_pb_code _builder_version=&#8221;4.16&#8243; _module_preset=&#8221;default&#8221; global_colors_info=&#8221;{}&#8221;]<iframe src=\"https:\/\/www.google.com\/maps\/embed?pb=!1m18!1m12!1m3!1d2608.1888064443274!2d16.57099411591404!3d49.17800378610259!2m3!1f0!2f0!3f0!3m2!1i1024!2i768!4f13.1!3m3!1m2!1s0x471295c7aa667eef%3A0x58d9f0e9ea8b8dde!2sKamenice%2032%2C%20625%2000%20Bohunice!5e0!3m2!1scs!2scz!4v1600681695287!5m2!1scs!2scz\" width=\"1920\" height=\"400\" frameborder=\"0\" style=\"border:0;\" allowfullscreen=\"\" aria-hidden=\"false\" tabindex=\"0\"><\/iframe>[\/et_pb_code][\/et_pb_column][\/et_pb_row][\/et_pb_section][et_pb_section fb_built=&#8221;1&#8243; _builder_version=&#8221;4.16&#8243; _module_preset=&#8221;default&#8221; custom_padding=&#8221;0px||||false|false&#8221; global_colors_info=&#8221;{}&#8221;][et_pb_row _builder_version=&#8221;4.16&#8243; _module_preset=&#8221;default&#8221; global_colors_info=&#8221;{}&#8221;][et_pb_column type=&#8221;4_4&#8243; _builder_version=&#8221;4.16&#8243; _module_preset=&#8221;default&#8221; global_colors_info=&#8221;{}&#8221;][et_pb_text _builder_version=&#8221;4.16&#8243; header_2_font=&#8221;Playfair Display|700|||||||&#8221; header_2_text_align=&#8221;center&#8221; header_2_font_size=&#8221;50px&#8221; header_2_line_height=&#8221;1.3em&#8221; header_3_font=&#8221;Playfair Display|700|||||||&#8221; header_3_text_align=&#8221;center&#8221; header_3_text_color=&#8221;#2a3749&#8243; header_3_font_size=&#8221;42px&#8221; header_3_line_height=&#8221;1.3em&#8221; custom_margin=&#8221;||||false|false&#8221; header_2_font_size_tablet=&#8221;32px&#8221; header_2_font_size_phone=&#8221;24px&#8221; header_2_font_size_last_edited=&#8221;on|phone&#8221; locked=&#8221;off&#8221; global_colors_info=&#8221;{}&#8221;]<\/p>\n<h2>Health Insurance Companies<br \/>\n<\/h2>\n<p>[\/et_pb_text][\/et_pb_column][\/et_pb_row][et_pb_row column_structure=&#8221;1_3,1_3,1_3&#8243; _builder_version=&#8221;4.16&#8243; _module_preset=&#8221;default&#8221; global_colors_info=&#8221;{}&#8221;][et_pb_column type=&#8221;1_3&#8243; _builder_version=&#8221;4.16&#8243; _module_preset=&#8221;default&#8221; global_colors_info=&#8221;{}&#8221;][et_pb_image src=&#8221;https:\/\/www.urologickaambulance.cz\/wp-content\/uploads\/2020\/09\/vzp_logo.jpg&#8221; alt=&#8221;VZP poji\u0161\u0165ovna&#8221; title_text=&#8221;vzp_logo&#8221; url=&#8221;https:\/\/www.vzp.cz\/&#8221; url_new_window=&#8221;on&#8221; _builder_version=&#8221;4.16&#8243; _module_preset=&#8221;default&#8221; global_colors_info=&#8221;{}&#8221; src__hover_enabled=&#8221;off|hover&#8221; filter_contrast__hover_enabled=&#8221;on|hover&#8221; filter_contrast__hover=&#8221;82%&#8221;][\/et_pb_image][\/et_pb_column][et_pb_column type=&#8221;1_3&#8243; _builder_version=&#8221;4.16&#8243; _module_preset=&#8221;default&#8221; global_colors_info=&#8221;{}&#8221;][et_pb_image src=&#8221;https:\/\/www.urologickaambulance.cz\/wp-content\/uploads\/2020\/09\/zpmv_logo.jpg&#8221; alt=&#8221;211 ZPMV poji\u0161\u0165ovna&#8221; title_text=&#8221;zpmv_logo&#8221; url=&#8221;https:\/\/www.zpmvcr.cz\/&#8221; url_new_window=&#8221;on&#8221; _builder_version=&#8221;4.16&#8243; _module_preset=&#8221;default&#8221; global_colors_info=&#8221;{}&#8221; filter_contrast__hover_enabled=&#8221;on|hover&#8221; filter_contrast__hover=&#8221;82%&#8221;][\/et_pb_image][\/et_pb_column][et_pb_column type=&#8221;1_3&#8243; _builder_version=&#8221;4.16&#8243; _module_preset=&#8221;default&#8221; global_colors_info=&#8221;{}&#8221;][et_pb_image src=&#8221;https:\/\/www.urologickaambulance.cz\/wp-content\/uploads\/2020\/09\/cpzp_logo.jpg&#8221; alt=&#8221;\u010cPZP poji\u0161\u0165ovna&#8221; title_text=&#8221;cpzp_logo&#8221; url=&#8221;https:\/\/www.cpzp.cz\/&#8221; url_new_window=&#8221;on&#8221; _builder_version=&#8221;4.16&#8243; _module_preset=&#8221;default&#8221; global_colors_info=&#8221;{}&#8221; filter_contrast__hover_enabled=&#8221;on|hover&#8221; filter_contrast__hover=&#8221;82%&#8221;][\/et_pb_image][\/et_pb_column][\/et_pb_row][et_pb_row column_structure=&#8221;1_3,1_3,1_3&#8243; _builder_version=&#8221;4.16&#8243; _module_preset=&#8221;default&#8221; global_colors_info=&#8221;{}&#8221;][et_pb_column type=&#8221;1_3&#8243; _builder_version=&#8221;4.16&#8243; _module_preset=&#8221;default&#8221; global_colors_info=&#8221;{}&#8221;][et_pb_image src=&#8221;https:\/\/www.urologickaambulance.cz\/wp-content\/uploads\/2020\/09\/ozp_logo.jpg&#8221; alt=&#8221;OZP poji\u0161\u0165ovna&#8221; title_text=&#8221;ozp_logo&#8221; url=&#8221;https:\/\/www.ozp.cz\/&#8221; url_new_window=&#8221;on&#8221; _builder_version=&#8221;4.16&#8243; _module_preset=&#8221;default&#8221; global_colors_info=&#8221;{}&#8221; filter_contrast__hover_enabled=&#8221;on|hover&#8221; filter_contrast__hover=&#8221;82%&#8221;][\/et_pb_image][\/et_pb_column][et_pb_column type=&#8221;1_3&#8243; _builder_version=&#8221;4.16&#8243; _module_preset=&#8221;default&#8221; global_colors_info=&#8221;{}&#8221;][et_pb_image src=&#8221;https:\/\/www.urologickaambulance.cz\/wp-content\/uploads\/2020\/09\/vozp_logo.jpg&#8221; alt=&#8221;VOZP, poji\u0161\u0165ovna&#8221; title_text=&#8221;vozp_logo&#8221; url=&#8221;https:\/\/www.vozp.cz\/&#8221; url_new_window=&#8221;on&#8221; _builder_version=&#8221;4.16&#8243; _module_preset=&#8221;default&#8221; global_colors_info=&#8221;{}&#8221; filter_contrast__hover_enabled=&#8221;on|hover&#8221; filter_contrast__hover=&#8221;82%&#8221;][\/et_pb_image][\/et_pb_column][et_pb_column type=&#8221;1_3&#8243; _builder_version=&#8221;4.16&#8243; _module_preset=&#8221;default&#8221; global_colors_info=&#8221;{}&#8221;][et_pb_image src=&#8221;https:\/\/www.urologickaambulance.cz\/wp-content\/uploads\/2020\/09\/213_rbp_logo.jpg&#8221; alt=&#8221;213 RBP zdravotn\u00ed poji\u0161\u0165ovna&#8221; title_text=&#8221;213_rbp_logo&#8221; url=&#8221;https:\/\/www.rbp213.cz\/&#8221; url_new_window=&#8221;on&#8221; _builder_version=&#8221;4.16&#8243; _module_preset=&#8221;default&#8221; global_colors_info=&#8221;{}&#8221; filter_contrast__hover_enabled=&#8221;on|hover&#8221; filter_contrast__hover=&#8221;82%&#8221;][\/et_pb_image][\/et_pb_column][\/et_pb_row][\/et_pb_section]<\/p>\n","protected":false},"excerpt":{"rendered":"<p>Vacation: 15 July &#8211; 14 August 2022 | during the vacation the surgery will be open only on 29 July from 7:30 to 14:00Clinic Brno ContactUrological clinic Brno MUDr. Igor Mot\u00edl+420 734 420 900+420 608 876 564info@urologickaambulance.czCampus klinika, Kamenice 32, 625 00 Brno-Bohunice\u00a0AJEM s.r.o., I\u010cO: 27759709File number: C 57089 kept at the Regional Court in Brno Working hours Monday 7.30\u201314.00 Tuesday 7.30\u201314.00 Wednesday 7.30\u201318.00 Thursday 7.30\u201314.00 Friday clinical day in the hospital No referral to a PL or specialist is required In case of acute problems and our absence, we will provide you with treatment 24\/7 at the Urology Clinic of the University Hospital Brno &#8211; Bohunice or at the Urology Clinic in Nov\u00e9 M\u011bsto na Morav\u011b. Health Insurance Companies<\/p>\n","protected":false},"author":1,"featured_media":0,"parent":0,"menu_order":0,"comment_status":"closed","ping_status":"closed","template":"","meta":{"_seopress_robots_primary_cat":"","_seopress_titles_title":"","_seopress_titles_desc":"","_seopress_robots_index":"","_et_pb_use_builder":"on","_et_pb_old_content":"","_et_gb_content_width":"","footnotes":""},"class_list":["post-2185","page","type-page","status-publish","hentry"],"_links":{"self":[{"href":"https:\/\/www.urologickaambulance.cz\/en\/wp-json\/wp\/v2\/pages\/2185","targetHints":{"allow":["GET"]}}],"collection":[{"href":"https:\/\/www.urologickaambulance.cz\/en\/wp-json\/wp\/v2\/pages"}],"about":[{"href":"https:\/\/www.urologickaambulance.cz\/en\/wp-json\/wp\/v2\/types\/page"}],"author":[{"embeddable":true,"href":"https:\/\/www.urologickaambulance.cz\/en\/wp-json\/wp\/v2\/users\/1"}],"replies":[{"embeddable":true,"href":"https:\/\/www.urologickaambulance.cz\/en\/wp-json\/wp\/v2\/comments?post=2185"}],"version-history":[{"count":0,"href":"https:\/\/www.urologickaambulance.cz\/en\/wp-json\/wp\/v2\/pages\/2185\/revisions"}],"wp:attachment":[{"href":"https:\/\/www.urologickaambulance.cz\/en\/wp-json\/wp\/v2\/media?parent=2185"}],"curies":[{"name":"wp","href":"https:\/\/api.w.org\/{rel}","templated":true}]}}