{"id":2180,"date":"2020-09-15T09:15:13","date_gmt":"2020-09-15T07:15:13","guid":{"rendered":"https:\/\/www.urologickaambulance.cz.uvirt54.active24.cz\/ke-stazeni\/"},"modified":"2021-04-08T18:49:54","modified_gmt":"2021-04-08T16:49:54","slug":"download","status":"publish","type":"page","link":"https:\/\/www.urologickaambulance.cz\/en\/download\/","title":{"rendered":"Download"},"content":{"rendered":"<p>[et_pb_section fb_built=&#8221;1&#8243; admin_label=&#8221;Services&#8221; _builder_version=&#8221;4.6.1&#8243; custom_padding=&#8221;1px||2px|||&#8221; bottom_divider_color=&#8221;#f8f9fa&#8221; bottom_divider_height=&#8221;100%&#8221; bottom_divider_repeat=&#8221;0.1x&#8221; bottom_divider_flip=&#8221;vertical|horizontal&#8221;][et_pb_row _builder_version=&#8221;4.6.1&#8243; _module_preset=&#8221;default&#8221; custom_padding=&#8221;||4px|||&#8221;][et_pb_column type=&#8221;4_4&#8243; _builder_version=&#8221;4.6.1&#8243; _module_preset=&#8221;default&#8221;][et_pb_text _builder_version=&#8221;4.6.3&#8243; header_font=&#8221;Playfair Display|700|||||||&#8221; header_text_align=&#8221;center&#8221; header_font_size=&#8221;62px&#8221; header_2_font=&#8221;Playfair Display|700|||||||&#8221; header_2_text_align=&#8221;center&#8221; header_2_font_size=&#8221;50px&#8221; header_2_line_height=&#8221;1.3em&#8221; header_3_font=&#8221;Playfair Display|700|||||||&#8221; header_3_text_align=&#8221;center&#8221; header_3_text_color=&#8221;#2a3749&#8243; header_3_font_size=&#8221;42px&#8221; header_3_line_height=&#8221;1.3em&#8221; custom_margin=&#8221;||2px||false|false&#8221; header_2_font_size_tablet=&#8221;32px&#8221; header_2_font_size_phone=&#8221;24px&#8221; header_2_font_size_last_edited=&#8221;on|phone&#8221; locked=&#8221;off&#8221;]<\/p>\n<h1>Download<\/h1>\n<p>[\/et_pb_text][et_pb_dcsbcm_divi_breadcrumbs_module homebreadcrumbtext=&#8221;Urology&#8221; _builder_version=&#8221;4.6.3&#8243; _module_preset=&#8221;default&#8221; custom_padding=&#8221;||0px|||&#8221;][\/et_pb_dcsbcm_divi_breadcrumbs_module][\/et_pb_column][\/et_pb_row][et_pb_row _builder_version=&#8221;4.6.1&#8243; max_width=&#8221;800px&#8221; custom_margin=&#8221;0px|auto||auto|false|false&#8221; custom_padding=&#8221;15px|||||&#8221;][et_pb_column type=&#8221;4_4&#8243; _builder_version=&#8221;4.3.2&#8243; background_color=&#8221;#ffffff&#8221; custom_padding=&#8221;68px|40px|68px|40px|true|true&#8221; custom_padding_tablet=&#8221;|30px||30px|true|true&#8221; custom_padding_phone=&#8221;|20px||20px|true|true&#8221; custom_padding_last_edited=&#8221;on|desktop&#8221; border_radii=&#8221;on|10px|10px|10px|10px&#8221; box_shadow_style=&#8221;preset1&#8243; box_shadow_color=&#8221;rgba(12,113,195,0.13)&#8221;][et_pb_blurb title=&#8221; Dotazn\u00edk prostatick\u00fdch symptom\u016f %91.PDF, 409 kB%93 &#8221; url=&#8221;https:\/\/www.urologickaambulance.cz\/wp-content\/uploads\/2020\/09\/dotaznik_prostatickych_symptomu.pdf&#8221; use_icon=&#8221;on&#8221; font_icon=&#8221;%%208%%&#8221; icon_color=&#8221;#2a9184&#8243; icon_placement=&#8221;left&#8221; _builder_version=&#8221;4.9.3&#8243; header_font=&#8221;PT Sans|700|||||||&#8221; header_text_color=&#8221;#2a3749&#8243; header_font_size=&#8221;18px&#8221; header_line_height=&#8221;1.9em&#8221; header_text_color__hover_enabled=&#8221;on|hover&#8221; header_text_color__hover=&#8221;#de942a&#8221;][\/et_pb_blurb][et_pb_blurb title=&#8221; Dotazn\u00edk sexu\u00e1ln\u00edho zdrav\u00ed mu\u017ee %91.PDF, 151 kB%93&#8243; url=&#8221;https:\/\/www.urologickaambulance.cz\/wp-content\/uploads\/2020\/09\/dotaznik_sex_zdarvi.pdf&#8221; use_icon=&#8221;on&#8221; font_icon=&#8221;%%208%%&#8221; icon_color=&#8221;#2a9184&#8243; icon_placement=&#8221;left&#8221; _builder_version=&#8221;4.9.3&#8243; header_font=&#8221;PT Sans|700|||||||&#8221; header_text_color=&#8221;#2a3749&#8243; header_font_size=&#8221;18px&#8221; header_line_height=&#8221;1.9em&#8221; header_text_color__hover_enabled=&#8221;on|hover&#8221; header_text_color__hover=&#8221;#de942a&#8221;][\/et_pb_blurb][et_pb_blurb title=&#8221; Dotazn\u00edk inkontinence %91.PDF, 222 kB%93&#8243; url=&#8221;https:\/\/www.urologickaambulance.cz\/wp-content\/uploads\/2020\/09\/dotaznik_inkontinence.pdf&#8221; use_icon=&#8221;on&#8221; font_icon=&#8221;%%208%%&#8221; icon_color=&#8221;#2a9184&#8243; icon_placement=&#8221;left&#8221; _builder_version=&#8221;4.9.3&#8243; header_font=&#8221;PT Sans|700|||||||&#8221; header_text_color=&#8221;#2a3749&#8243; header_font_size=&#8221;18px&#8221; header_line_height=&#8221;1.9em&#8221; header_text_color__hover_enabled=&#8221;on|hover&#8221; header_text_color__hover=&#8221;#de942a&#8221;][\/et_pb_blurb][et_pb_blurb title=&#8221; Cystoskopie &#8211; IS %91.doc, 30 kB%93&#8243; url=&#8221;https:\/\/www.urologickaambulance.cz\/wp-content\/uploads\/2020\/09\/dokument-souhlas_cytoskopie.doc&#8221; use_icon=&#8221;on&#8221; font_icon=&#8221;%%208%%&#8221; icon_color=&#8221;#2a9184&#8243; icon_placement=&#8221;left&#8221; _builder_version=&#8221;4.9.3&#8243; header_font=&#8221;PT Sans|700|||||||&#8221; header_text_color=&#8221;#2a3749&#8243; header_font_size=&#8221;18px&#8221; header_line_height=&#8221;1.9em&#8221; header_text_color__hover_enabled=&#8221;on|hover&#8221; header_text_color__hover=&#8221;#de942a&#8221;][\/et_pb_blurb][et_pb_blurb title=&#8221; Biopsie prostaty &#8211; IS %91.doc, 26 kB%93&#8243; url=&#8221;https:\/\/www.urologickaambulance.cz\/wp-content\/uploads\/2020\/09\/dokument-souhlas_biopsie.doc&#8221; use_icon=&#8221;on&#8221; font_icon=&#8221;%%208%%&#8221; icon_color=&#8221;#2a9184&#8243; icon_placement=&#8221;left&#8221; _builder_version=&#8221;4.9.3&#8243; header_font=&#8221;PT Sans|700|||||||&#8221; header_text_color=&#8221;#2a3749&#8243; header_font_size=&#8221;18px&#8221; header_line_height=&#8221;1.9em&#8221; header_text_color__hover_enabled=&#8221;on|hover&#8221; header_text_color__hover=&#8221;#de942a&#8221;][\/et_pb_blurb][et_pb_blurb title=&#8221; Termoterapie &#8211; IS %91.doc, 41 kB%93&#8243; url=&#8221;https:\/\/www.urologickaambulance.cz\/wp-content\/uploads\/2020\/09\/dokument-souhlas_turf.doc&#8221; use_icon=&#8221;on&#8221; font_icon=&#8221;%%208%%&#8221; icon_color=&#8221;#2a9184&#8243; icon_placement=&#8221;left&#8221; _builder_version=&#8221;4.9.3&#8243; header_font=&#8221;PT Sans|700|||||||&#8221; header_text_color=&#8221;#2a3749&#8243; header_font_size=&#8221;18px&#8221; header_line_height=&#8221;1.9em&#8221; header_text_color__hover_enabled=&#8221;on|hover&#8221; header_text_color__hover=&#8221;#de942a&#8221;][\/et_pb_blurb][et_pb_blurb title=&#8221;L\u00e9\u010dba erekce &#8211; IS %91.doc, 29 kB%93&#8243; url=&#8221;https:\/\/www.urologickaambulance.cz\/wp-content\/uploads\/2020\/09\/Piezowave-Infosouhlas-LSWT-1.docx&#8221; use_icon=&#8221;on&#8221; font_icon=&#8221;%%208%%&#8221; icon_color=&#8221;#2a9184&#8243; icon_placement=&#8221;left&#8221; _builder_version=&#8221;4.9.3&#8243; header_font=&#8221;PT Sans|700|||||||&#8221; header_text_color=&#8221;#2a3749&#8243; header_font_size=&#8221;18px&#8221; header_line_height=&#8221;1.9em&#8221; header_text_color__hover_enabled=&#8221;on|hover&#8221; header_text_color__hover=&#8221;#de942a&#8221;][\/et_pb_blurb][et_pb_blurb title=&#8221; Odb\u011br PSA &#8211; IS %91.doc, 34 kB%93&#8243; url=&#8221;https:\/\/www.urologickaambulance.cz\/wp-content\/uploads\/2020\/09\/dokument-souhlas_psa.doc&#8221; use_icon=&#8221;on&#8221; font_icon=&#8221;%%208%%&#8221; icon_color=&#8221;#2a9184&#8243; icon_placement=&#8221;left&#8221; _builder_version=&#8221;4.9.3&#8243; header_font=&#8221;PT Sans|700|||||||&#8221; header_text_color=&#8221;#2a3749&#8243; header_font_size=&#8221;18px&#8221; header_line_height=&#8221;1.9em&#8221; header_text_color__hover_enabled=&#8221;on|desktop&#8221; header_text_color__hover=&#8221;#de942a&#8221;][\/et_pb_blurb][et_pb_blurb title=&#8221; Mu\u017esk\u00e1 sterilizace &#8211; IS %91.doc, 32 kB%93&#8243; url=&#8221;https:\/\/www.urologickaambulance.cz\/wp-content\/uploads\/2020\/09\/dokument-souhlas_vasectomie.doc&#8221; use_icon=&#8221;on&#8221; font_icon=&#8221;%%208%%&#8221; icon_color=&#8221;#2a9184&#8243; icon_placement=&#8221;left&#8221; _builder_version=&#8221;4.9.3&#8243; header_font=&#8221;PT Sans|700|||||||&#8221; header_text_color=&#8221;#2a3749&#8243; header_font_size=&#8221;18px&#8221; header_line_height=&#8221;1.9em&#8221; header_text_color__hover_enabled=&#8221;on|hover&#8221; header_text_color__hover=&#8221;#de942a&#8221;][\/et_pb_blurb][et_pb_blurb title=&#8221;Cen\u00edk \u2013 pacientem hrazen\u00e9 z\u00e1kroky a vy\u0161et\u0159en\u00ed %91.docx, 18 kB%93 &#8221; url=&#8221;https:\/\/www.urologickaambulance.cz\/wp-content\/uploads\/2021\/04\/Cenik_pacientem_hrazene_zakroky_vysetreni.docx&#8221; use_icon=&#8221;on&#8221; font_icon=&#8221;%%208%%&#8221; icon_color=&#8221;#2a9184&#8243; icon_placement=&#8221;left&#8221; _builder_version=&#8221;4.9.3&#8243; header_font=&#8221;PT Sans|700|||||||&#8221; header_text_color=&#8221;#2a3749&#8243; header_font_size=&#8221;18px&#8221; header_line_height=&#8221;1.9em&#8221; header_text_color__hover_enabled=&#8221;on|hover&#8221; header_text_color__hover=&#8221;#de942a&#8221;][\/et_pb_blurb][\/et_pb_column][\/et_pb_row][\/et_pb_section][et_pb_section fb_built=&#8221;1&#8243; admin_label=&#8221;Stats&#8221; _builder_version=&#8221;4.6.1&#8243; background_color=&#8221;#2a3749&#8243; width=&#8221;80%&#8221; max_width=&#8221;1680px&#8221; module_alignment=&#8221;center&#8221; custom_margin=&#8221;||68px||false|false&#8221; custom_padding=&#8221;0px||0px||true|false&#8221; border_radii=&#8221;on|30px|30px|30px|30px&#8221;][et_pb_row _builder_version=&#8221;4.6.1&#8243; custom_padding=&#8221;18px||18px||true|false&#8221;][et_pb_column type=&#8221;4_4&#8243; _builder_version=&#8221;4.0.8&#8243;][et_pb_text quote_border_color=&#8221;#de942a&#8221; _builder_version=&#8221;4.6.5&#8243; header_font=&#8221;||||||||&#8221; header_3_font=&#8221;Playfair Display|700|||||||&#8221; header_3_text_color=&#8221;#ffffff&#8221; header_3_font_size=&#8221;28px&#8221; header_3_line_height=&#8221;1.3em&#8221; header_3_font_size_tablet=&#8221;24px&#8221; header_3_font_size_phone=&#8221;18px&#8221; header_3_font_size_last_edited=&#8221;on|phone&#8221; locked=&#8221;off&#8221;]<\/p>\n<blockquote>\n<h3 style=\"text-align: center;\">It is by disease that health is pleasant; by evil that good is pleasant; by hunger, satiety; by weariness, rest.<br \/> \u200b<br \/> <em>Heraclitus<\/em><\/h3>\n<\/blockquote>\n<p>[\/et_pb_text][\/et_pb_column][\/et_pb_row][\/et_pb_section]<\/p>\n","protected":false},"excerpt":{"rendered":"<p>Download It is by disease that health is pleasant; by evil that good is pleasant; by hunger, satiety; by weariness, rest. \u200b Heraclitus<\/p>\n","protected":false},"author":1,"featured_media":0,"parent":0,"menu_order":0,"comment_status":"closed","ping_status":"closed","template":"","meta":{"_seopress_robots_primary_cat":"","_seopress_titles_title":"","_seopress_titles_desc":"","_seopress_robots_index":"","_et_pb_use_builder":"on","_et_pb_old_content":"","_et_gb_content_width":"","footnotes":""},"class_list":["post-2180","page","type-page","status-publish","hentry"],"_links":{"self":[{"href":"https:\/\/www.urologickaambulance.cz\/en\/wp-json\/wp\/v2\/pages\/2180","targetHints":{"allow":["GET"]}}],"collection":[{"href":"https:\/\/www.urologickaambulance.cz\/en\/wp-json\/wp\/v2\/pages"}],"about":[{"href":"https:\/\/www.urologickaambulance.cz\/en\/wp-json\/wp\/v2\/types\/page"}],"author":[{"embeddable":true,"href":"https:\/\/www.urologickaambulance.cz\/en\/wp-json\/wp\/v2\/users\/1"}],"replies":[{"embeddable":true,"href":"https:\/\/www.urologickaambulance.cz\/en\/wp-json\/wp\/v2\/comments?post=2180"}],"version-history":[{"count":0,"href":"https:\/\/www.urologickaambulance.cz\/en\/wp-json\/wp\/v2\/pages\/2180\/revisions"}],"wp:attachment":[{"href":"https:\/\/www.urologickaambulance.cz\/en\/wp-json\/wp\/v2\/media?parent=2180"}],"curies":[{"name":"wp","href":"https:\/\/api.w.org\/{rel}","templated":true}]}}